{"id":5871,"date":"2024-05-14T02:17:44","date_gmt":"2024-05-14T00:17:44","guid":{"rendered":"https:\/\/medicalboulevardtourism.com\/?page_id=5871"},"modified":"2024-07-10T21:50:21","modified_gmt":"2024-07-10T19:50:21","slug":"terminos-y-condiciones","status":"publish","type":"page","link":"https:\/\/medicalboulevardtourism.com\/en_en\/terminos-y-condiciones\/","title":{"rendered":"Terms and Conditions"},"content":{"rendered":"<div data-elementor-type=\"wp-page\" data-elementor-id=\"5871\" class=\"elementor elementor-5871\" data-elementor-post-type=\"page\">\n\t\t\t\t<div class=\"elementor-element elementor-element-f7657a8 e-flex e-con-boxed e-con e-parent\" data-id=\"f7657a8\" data-element_type=\"container\" data-settings=\"{&quot;background_background&quot;:&quot;classic&quot;}\">\n\t\t\t\t\t<div class=\"e-con-inner\">\n\t\t<div class=\"elementor-element elementor-element-f05028d e-con-full e-flex e-con e-child\" data-id=\"f05028d\" data-element_type=\"container\">\n\t\t\t\t<div class=\"elementor-element elementor-element-a8628d5 elementor-widget elementor-widget-heading\" data-id=\"a8628d5\" data-element_type=\"widget\" data-widget_type=\"heading.default\">\n\t\t\t\t<div class=\"elementor-widget-container\">\n\t\t\t\t\t<div class=\"elementor-heading-title elementor-size-default\">We coordinate quality health services for you and your family, beyond your borders<\/div>\t\t\t\t<\/div>\n\t\t\t\t<\/div>\n\t\t\t\t<div class=\"elementor-element elementor-element-66fe1c7 elementor-widget elementor-widget-heading\" data-id=\"66fe1c7\" data-element_type=\"widget\" data-widget_type=\"heading.default\">\n\t\t\t\t<div class=\"elementor-widget-container\">\n\t\t\t\t\t<h1 class=\"elementor-heading-title elementor-size-default\">WE ARE YOUR MEDICAL TOURISM FACILITATOR <\/h1>\t\t\t\t<\/div>\n\t\t\t\t<\/div>\n\t\t\t\t<div class=\"elementor-element elementor-element-1f9ee1a elementor-hidden-desktop elementor-hidden-laptop elementor-hidden-tablet elementor-hidden-mobile elementor-widget elementor-widget-jet-ajax-search\" data-id=\"1f9ee1a\" data-element_type=\"widget\" data-settings=\"{&quot;results_area_columns&quot;:1}\" data-widget_type=\"jet-ajax-search.default\">\n\t\t\t\t<div class=\"elementor-widget-container\">\n\t\t\t\t\t<div class=\"elementor-jet-ajax-search jet-search\">\n\t<div class=\"jet_search_listing_grid_hidden_template\" style=\"display: none;\">\n\t\t\t<\/div>\n\n<div class=\"jet-ajax-search jet-ajax-search--mobile-skin\" data-settings=\"{&quot;symbols_for_start_searching&quot;:2,&quot;search_by_empty_value&quot;:&quot;&quot;,&quot;submit_on_enter&quot;:&quot;&quot;,&quot;search_source&quot;:&quot;any&quot;,&quot;search_logging&quot;:&quot;&quot;,&quot;search_results_url&quot;:&quot;&quot;,&quot;search_taxonomy&quot;:&quot;&quot;,&quot;include_terms_ids&quot;:[],&quot;exclude_terms_ids&quot;:[],&quot;exclude_posts_ids&quot;:[],&quot;custom_fields_source&quot;:&quot;&quot;,&quot;limit_query&quot;:5,&quot;limit_query_tablet&quot;:&quot;&quot;,&quot;limit_query_mobile&quot;:&quot;&quot;,&quot;limit_query_in_result_area&quot;:25,&quot;results_order_by&quot;:&quot;relevance&quot;,&quot;results_order&quot;:&quot;asc&quot;,&quot;sentence&quot;:&quot;&quot;,&quot;search_in_taxonomy&quot;:&quot;&quot;,&quot;search_in_taxonomy_source&quot;:&quot;&quot;,&quot;results_area_width_by&quot;:&quot;form&quot;,&quot;results_area_custom_width&quot;:&quot;&quot;,&quot;results_area_custom_position&quot;:&quot;&quot;,&quot;results_area_columns&quot;:1,&quot;results_area_columns_tablet&quot;:&quot;&quot;,&quot;results_area_columns_mobile&quot;:&quot;&quot;,&quot;results_area_columns_mobile_portrait&quot;:&quot;&quot;,&quot;thumbnail_visible&quot;:&quot;yes&quot;,&quot;thumbnail_size&quot;:&quot;thumbnail&quot;,&quot;thumbnail_placeholder&quot;:{&quot;url&quot;:&quot;https:\\\/\\\/medicalboulevardtourism.com\\\/wp-content\\\/plugins\\\/elementor\\\/assets\\\/images\\\/placeholder.png&quot;,&quot;id&quot;:&quot;&quot;,&quot;size&quot;:&quot;&quot;},&quot;post_content_source&quot;:&quot;content&quot;,&quot;post_content_custom_field_key&quot;:&quot;&quot;,&quot;post_content_length&quot;:30,&quot;show_product_price&quot;:&quot;&quot;,&quot;show_product_rating&quot;:&quot;&quot;,&quot;show_add_to_cart&quot;:&quot;&quot;,&quot;show_result_new_tab&quot;:&quot;&quot;,&quot;highlight_searched_text&quot;:&quot;&quot;,&quot;listing_id&quot;:&quot;&quot;,&quot;bullet_pagination&quot;:&quot;&quot;,&quot;number_pagination&quot;:&quot;&quot;,&quot;navigation_arrows&quot;:&quot;in_header&quot;,&quot;navigation_arrows_type&quot;:&quot;angle&quot;,&quot;show_title_related_meta&quot;:&quot;&quot;,&quot;meta_title_related_position&quot;:&quot;&quot;,&quot;title_related_meta&quot;:&quot;&quot;,&quot;show_content_related_meta&quot;:&quot;&quot;,&quot;meta_content_related_position&quot;:&quot;&quot;,&quot;content_related_meta&quot;:&quot;&quot;,&quot;negative_search&quot;:&quot;Sorry, but nothing matched your search terms.&quot;,&quot;server_error&quot;:&quot;Sorry, but we cannot handle your search query now. Please, try again later!&quot;,&quot;show_search_suggestions&quot;:&quot;&quot;,&quot;search_suggestions_position&quot;:&quot;&quot;,&quot;search_suggestions_source&quot;:&quot;&quot;,&quot;search_suggestions_limits&quot;:&quot;&quot;,&quot;search_suggestions_item_title_length&quot;:&quot;&quot;,&quot;search_source_terms&quot;:&quot;&quot;,&quot;search_source_terms_title&quot;:&quot;&quot;,&quot;search_source_terms_icon&quot;:&quot;&quot;,&quot;search_source_terms_limit&quot;:&quot;&quot;,&quot;search_source_terms_listing_id&quot;:&quot;&quot;,&quot;search_source_terms_taxonomy&quot;:&quot;&quot;,&quot;search_source_users&quot;:&quot;&quot;,&quot;search_source_users_title&quot;:&quot;&quot;,&quot;search_source_users_icon&quot;:&quot;&quot;,&quot;search_source_users_limit&quot;:&quot;&quot;,&quot;search_source_users_listing_id&quot;:&quot;&quot;}\">\n<form class=\"jet-ajax-search__form\" method=\"get\" action=\"https:\/\/medicalboulevardtourism.com\/en_en\/\" role=\"search\" target=\"\" data-trp-original-action=\"https:\/\/medicalboulevardtourism.com\/en_en\/\">\n\t<div class=\"jet-ajax-search__fields-holder\">\n\t\t<div class=\"jet-ajax-search__field-wrapper\">\n\t\t\t<label for=\"search-input-1f9ee1a\" class=\"screen-reader-text\">Search ...<\/label>\n\t\t\t\t\t\t<input id=\"search-input-1f9ee1a\" class=\"jet-ajax-search__field\" type=\"search\" placeholder=\"Search\" value=\"\" name=\"s\" autocomplete=\"off\" \/>\n\t\t\t\t\t\t\t<input type=\"hidden\" name=\"jsearch\" \/>\n\t\t\t\t\t\t\n\t\t\t\t\t<\/div>\n\t\t\t<\/div>\n\t\n<button class=\"jet-ajax-search__submit\" type=\"submit\" aria-label=\"Search submit\"><span class=\"jet-ajax-search__submit-icon jet-ajax-search-icon\"><svg aria-hidden=\"true\" class=\"e-font-icon-svg e-fas-search\" viewbox=\"0 0 512 512\" xmlns=\"http:\/\/www.w3.org\/2000\/svg\"><path d=\"M505 442.7L405.3 343c-4.5-4.5-10.6-7-17-7H372c27.6-35.3 44-79.7 44-128C416 93.1 322.9 0 208 0S0 93.1 0 208s93.1 208 208 208c48.3 0 92.7-16.4 128-44v16.3c0 6.4 2.5 12.5 7 17l99.7 99.7c9.4 9.4 24.6 9.4 33.9 0l28.3-28.3c9.4-9.4 9.4-24.6.1-34zM208 336c-70.7 0-128-57.2-128-128 0-70.7 57.2-128 128-128 70.7 0 128 57.2 128 128 0 70.7-57.2 128-128 128z\"><\/path><\/svg><\/span><\/button>\n<input type=\"hidden\" name=\"trp-form-language\" value=\"en_en\"\/><\/form>\n\n<div class=\"jet-ajax-search__results-area\" >\n\t<div class=\"jet-ajax-search__results-holder\">\n\t\t\t\t\t<div class=\"jet-ajax-search__results-header\">\n\t\t\t\t\n<button class=\"jet-ajax-search__results-count\"><span><\/span> Results<\/button>\n\t\t\t\t<div class=\"jet-ajax-search__navigation-holder\"><\/div>\n\t\t\t<\/div>\n\t\t\t\t\t\t<div class=\"jet-ajax-search__results-list results-area-col-desk-1 results-area-col-tablet-0 results-area-col-mobile-0 results-area-col-mobile-portrait-1\" >\n\t\t\t            <div class=\"jet-ajax-search__results-list-inner\"><\/div>\n\t\t\t\t\t<\/div>\n\t\t\t\t\t<div class=\"jet-ajax-search__results-footer\">\n\t\t\t\t<button class=\"jet-ajax-search__full-results\">See all results<\/button>\t\t\t\t<div class=\"jet-ajax-search__navigation-holder\"><\/div>\n\t\t\t<\/div>\n\t\t\t<\/div>\n\t<div class=\"jet-ajax-search__message\"><\/div>\n\t\n<div class=\"jet-ajax-search__spinner-holder\">\n\t<div class=\"jet-ajax-search__spinner\">\n\t\t<div class=\"rect rect-1\"><\/div>\n\t\t<div class=\"rect rect-2\"><\/div>\n\t\t<div class=\"rect rect-3\"><\/div>\n\t\t<div class=\"rect rect-4\"><\/div>\n\t\t<div class=\"rect rect-5\"><\/div>\n\t<\/div>\n<\/div>\n<\/div>\n<\/div>\n<\/div>\t\t\t\t<\/div>\n\t\t\t\t<\/div>\n\t\t\t\t<\/div>\n\t\t\t\t\t<\/div>\n\t\t\t\t<\/div>\n\t\t<div class=\"elementor-element elementor-element-d27c282 e-flex e-con-boxed e-con e-parent\" data-id=\"d27c282\" data-element_type=\"container\">\n\t\t\t\t\t<div class=\"e-con-inner\">\n\t\t\t\t<div class=\"elementor-element elementor-element-4cbcf48 elementor-widget elementor-widget-heading\" data-id=\"4cbcf48\" data-element_type=\"widget\" data-widget_type=\"heading.default\">\n\t\t\t\t<div class=\"elementor-widget-container\">\n\t\t\t\t\t<h2 class=\"elementor-heading-title elementor-size-default\">Terms and Conditions<\/h2>\t\t\t\t<\/div>\n\t\t\t\t<\/div>\n\t\t\t\t\t<\/div>\n\t\t\t\t<\/div>\n\t\t<div class=\"elementor-element elementor-element-9742675 e-flex e-con-boxed e-con e-parent\" data-id=\"9742675\" data-element_type=\"container\">\n\t\t\t\t\t<div class=\"e-con-inner\">\n\t\t\t\t<div class=\"elementor-element elementor-element-7f45352 justificar-texto elementor-widget elementor-widget-text-editor\" data-id=\"7f45352\" data-element_type=\"widget\" data-widget_type=\"text-editor.default\">\n\t\t\t\t<div class=\"elementor-widget-container\">\n\t\t\t\t\t\t\t\t\t<h5><strong>Last update date: May 2, 2024.<\/strong><\/h5><p>This section refers to the Terms and Conditions of use of the services and the website under the trademark name of Medical Boulevard, legally represented in the State of Florida in the United States between this entity, hereinafter \"the entity or Medical Boulevard \u201d and you as a user of our services hereinafter \u201cyou or the client\u201d.\u00a0<\/p><h5><strong>Upon acceptance of the Terms and Conditions.<\/strong><\/h5><p>Medical Boulevard strongly requests that you read these Terms and Conditions of use of our website carefully before you begin using it.<\/p><p>When you browse this site or use any of the services or information available on it, you indicate that you have read, understood and accepted these Terms and Conditions, which is equivalent to a signed contract between you and the legal representation of Medical Boulevard.<\/p><p>Notwithstanding the above, we establish that you will not be able to request a Medical Boulevard service without first expressly and voluntarily accepting these Terms and Conditions in the corresponding box.<\/p><p>If you do NOT accept these Terms and Conditions then you must not use Medical Boulevard's services and must leave the website immediately.<\/p><h5><strong>About Medical Boulevard services<\/strong><\/h5><p>Medical Boulevard is a medical tourism facilitator dedicated to guiding people to identify and access \u201chealth services\u201d, beyond their borders, in multiple health destinations around the world.<\/p><p>\u201cHealth services\u201d for these purposes are understood to be any service related to medical care for the prevention of diseases, diagnosis, cure of diseases, medical or surgical treatment, rehabilitation, administration of medications and natural products or supplements. , the use of alternative or traditional medicines, as well as wellness services related to improving the physical and mental state of presumably healthy people, whether in: outpatient clinics, hospitals, health centers, thermal centers or rest facilities accredited for this, according to the laws of the destination country, which comply with international quality standards.<\/p><p>The \u201chealth services\u201d coordinated by Medical Boulevard are related to elective treatments and DO NOT include emergency services or medical emergencies that compromise people's lives, nor do they include medical transportation specialized in the transfer of critical or serious cases such as air ambulances. , nor the transfer and processing of the repatriation of deceased persons.\u00a0<\/p><p>In the event that international patients are minors or have a physical or mental limitation or disability, it is essential that they travel with a companion and that this person be legally authorized to represent them, in case the patient is not able to make decisions. itself.<\/p><p>Disclaimer<\/p><h5><strong>About health services<\/strong><\/h5><p>Medical Boulevard is NOT the provider of the \u201chealth services\u201d, but rather connects the \u201cclient\u201d with said providers, with which \u201cyou\u201d agree that:<\/p><p>The person or \u201cClient\u201d before traveling to receive the health service will establish a direct relationship with the \u201cProvider\u201d who will care for them at the destination.<\/p><p>The \u201cClient\u201d is solely responsible for any decision to receive a \u201chealth service\u201d from the \u201cProvider\u201d and the destination in the city or country of their choice.<\/p><p>The Provider is responsible to the \u201cClient\u201d and NOT Medical Boulevard, nor the asociational or affiliated medical tourism agencies, for anything related to the \u201chealth services received\u201d, including possible damages caused by non-compliance on the part of the \u201cProvider\u201d. of any law, regulation, professional or quality standard, as well as violations of the codes of professional ethics and good practices in the health sector or that violate the right of the client as a health tourism traveler.<\/p><p>Medical Boulevard is NOT responsible for any product, service, technology, medication or other input provided by \u201cHealth or Travel Service Providers\u201d or other third party, including any damages or consequences resulting from medical negligence, deficiency in the provision of any service or in the supply of a product, which may cause physical injury or death.<\/p><h5><strong>About travel services<\/strong><\/h5><p>Medical Boulevard provides the client with access to the services of travel agencies and local suppliers to support the logistics of their trip in terms of accommodation, processing of medical visas when relevant, international and local transportation, travel insurance, optional tourist services. at destinations, through third-party services. However, the \u201cClient\u201d accepts that Medical Boulevard is NOT responsible for the implementation of these services, nor for the travel requirements of the client and his companion, but that \u201cYou\u201d are responsible for guaranteeing and complying with what is established for your trip. international regarding:<\/p><p>Have all the necessary documents for your trip such as a valid passport, visas, health and vaccination certificates in accordance with the health regulations in force in the destination and any other requirements established by the authorities of the destination country, for which we suggest that you consult the pages website of the consular sections of the respective embassies.<\/p><p>Have travel insurance that covers eventual events related to accidents, medical emergencies, medical transportation if required, luggage protection, as well as cancellations or alterations to the planned trip itinerary.<\/p><p>Establish direct contact with the \u201cSuppliers\u201d of travel services, accommodations, transportation, insurance, among others, in order to confirm and coordinate their implementation in the destination of your choice.<\/p><h5><strong>About the client's medical history information<\/strong><\/h5><p>Medical Boulevard may, as part of its health tourism facilitation services, procure, use and transfer to health service providers, client information or their medical history provided by the latter, which is tacitly authorized by the client. whenever you provide said information. However, the \u201cClient\u201d accepts:<\/p><p>You are solely responsible for guaranteeing the supply, quality, veracity and updating of the information in your medical history that you need from said providers for the definition and provision of their services.<\/p><p>Medical Boulevard will not be responsible for the custody, preservation, transmission, transformation, updating or use of the client's medical history data, but this will be used to obtain an initial approach to the possible type of treatment, provider or health destination before to put the client in contact with said provider.\u00a0\u00a0 \u00a0<\/p><p>Our site preserves your privacy, for which we ask that you read the <a href=\"https:\/\/medicalboulevardtourism.com\/en_en\/politica-de-privacidad\/\"><u>Privacy Policy<\/u>.<\/a><\/p><h5><strong>About medical information <\/strong><\/h5><p>The medical information available on our website and related platforms or other means provided by Medical Boulevard is based on official, validated and reliable sources of information and on the data provided by the \u201cProviders\u201d of health services, certified and under standards of international quality.<\/p><p>This information is created and processed for Medical Boulevard by professionals with experience in international medical tourism, as well as the direct communication that \u201cYou\u201d maintain with Medical Boulevard's health tourism facilitators as part of the personalized and specialized care process that we offer to our clients, all of this distinguishes our services and gives us advantages to achieve greater quality, professionalism and satisfaction in their medical journey. However, \u201cyou\u201d accept that:<\/p><p>The medical information provided by Medical Boulevard and the content of its <a href=\"https:\/\/medicalboulevardtourism.com\/en_en\/procedimientos-medicos\/\"><u>Medical Procedures<\/u><\/a> It does not constitute a medical indication intended to treat, prevent or cure diseases, nor do they in any way substitute the advice, diagnosis, or treatments of a doctor or health service provider, even if they appear to be medical advice or recommendations, they are not. This information is for general guidance only and does not constitute a medical prescription, nor does it establish a doctor-patient relationship between \u201cYou\u201d and the \u201cMedical Facilitator\u201d to facilitate your interaction with medical service providers.<\/p><p>Read Who Are We? and why choose us? so that you can have more elements about the advantages of Medical Boulevard, as well as the Medical Tourism section to update yourself on the specialized health tourism services that we offer.<\/p><h5><strong>About Intellectual Property<\/strong><\/h5><p>The information available on the Medical Boulevard site and on the Internet media and social networks associated with it, is the property of the legal entity that represents it, including its corporate or brand identity, texts, images, videos and downloadable files and It may not be used without the written permission of said entity.<\/p><p>Trademark identities other than Medical Boulevard belong to our business partners or affiliates, which have been entitled to use them in favor of our legal representative, for permitted uses and cannot be used by third parties for uses other than those agreed upon. without authorization of their legal owners.<\/p><p>Medical Boulevard or its legal representatives have the rights to use images from providers of said materials and the explicit consent to publish information provided by partners, patients or the public, who have given us their data, the right to use their image and testimonials with promotional and advertising purposes, all of which are not permitted for use by third parties without the consent of their authors.<\/p><h5><strong>About authentication and veracity of information<\/strong><\/h5><p>Please ensure that you authentically identify yourself on our forms and do not assume another identity or provide third-party data or false information.<\/p><p>If the person who requires our services is not in good health or socially or mentally capable, or is a minor, to request our services themselves, or authorize another to do so on their behalf, contact our team. customer service via email <a href=\"mailto:info@medicalboulevardtourism.com\">info@medicalboulevardtourism.com<\/a> to address your situation.<\/p><p>Check that all the information you provide to Medical Boulevard is true. You are solely responsible for the veracity and authenticity of the data you provide.<\/p><h5><strong>Of the validity and modification of the Terms and Conditions<\/strong><\/h5><p>These Terms and Conditions are in force and apply from the date of their publication and every time you access the website and may be modified without prior notice, so if you continue browsing our website or using our services it is indicative that you You have accepted the changes made, so we ask you to keep up to date with the date this section was last updated.<\/p>\t\t\t\t\t\t\t\t<\/div>\n\t\t\t\t<\/div>\n\t\t\t\t\t<\/div>\n\t\t\t\t<\/div>\n\t\t<div class=\"elementor-element elementor-element-bcc43bf e-flex e-con-boxed e-con e-parent\" data-id=\"bcc43bf\" data-element_type=\"container\">\n\t\t\t\t\t<div class=\"e-con-inner\">\n\t\t<div class=\"elementor-element elementor-element-6099c88 e-con-full e-flex e-con e-child\" data-id=\"6099c88\" data-element_type=\"container\">\n\t\t<div class=\"elementor-element elementor-element-0e3e05a e-con-full e-flex e-con e-child\" data-id=\"0e3e05a\" data-element_type=\"container\">\n\t\t<div class=\"elementor-element elementor-element-338c42b e-con-full e-flex e-con e-child\" data-id=\"338c42b\" data-element_type=\"container\" data-settings=\"{&quot;background_background&quot;:&quot;classic&quot;}\">\n\t\t\t\t<div class=\"elementor-element elementor-element-89eb436 elementor-widget__width-initial elementor-widget elementor-widget-heading\" data-id=\"89eb436\" data-element_type=\"widget\" data-widget_type=\"heading.default\">\n\t\t\t\t<div class=\"elementor-widget-container\">\n\t\t\t\t\t<h2 class=\"elementor-heading-title elementor-size-default\">Medical Boulevar is pleased to accompany you on your health tourism journey, the road to life.<\/h2>\t\t\t\t<\/div>\n\t\t\t\t<\/div>\n\t\t\t\t<div class=\"elementor-element elementor-element-bfe6660 elementor-widget elementor-widget-button\" data-id=\"bfe6660\" data-element_type=\"widget\" data-widget_type=\"button.default\">\n\t\t\t\t<div class=\"elementor-widget-container\">\n\t\t\t\t\t\t\t\t\t<div class=\"elementor-button-wrapper\">\n\t\t\t\t\t<a class=\"elementor-button elementor-button-link elementor-size-sm\" href=\"https:\/\/medicalboulevardtourism.com\/en_en\/contactos\/\">\n\t\t\t\t\t\t<span class=\"elementor-button-content-wrapper\">\n\t\t\t\t\t\t\t\t\t<span class=\"elementor-button-text\">Contact us<\/span>\n\t\t\t\t\t<\/span>\n\t\t\t\t\t<\/a>\n\t\t\t\t<\/div>\n\t\t\t\t\t\t\t\t<\/div>\n\t\t\t\t<\/div>\n\t\t\t\t<\/div>\n\t\t\t\t<\/div>\n\t\t\t\t<\/div>\n\t\t\t\t\t<\/div>\n\t\t\t\t<\/div>\n\t\t\t\t<\/div>","protected":false},"excerpt":{"rendered":"<p>Coordinamos servicios de salud de calidad para usted y su familia, m\u00e1s all\u00e1 de sus fronteras SOMOS SU FACILITADOR DE TURISMO M\u00c9DICO Search &#8230; Results See all results T\u00e9rminos y Condiciones Fecha de la \u00faltima actualizaci\u00f3n: 2 de mayo de 2024. Esta secci\u00f3n se refiere a los T\u00e9rminos y Condiciones de uso de los servicios [&hellip;]<\/p>","protected":false},"author":1,"featured_media":0,"parent":0,"menu_order":0,"comment_status":"closed","ping_status":"closed","template":"","meta":{"_acf_changed":false,"inline_featured_image":false,"_jet_sm_ready_style":"","_jet_sm_style":"","_jet_sm_controls_values":"","_jet_sm_fonts_collection":"","_jet_sm_fonts_links":"","footnotes":""},"class_list":["post-5871","page","type-page","status-publish","hentry"],"acf":[],"_links":{"self":[{"href":"https:\/\/medicalboulevardtourism.com\/en_en\/wp-json\/wp\/v2\/pages\/5871","targetHints":{"allow":["GET"]}}],"collection":[{"href":"https:\/\/medicalboulevardtourism.com\/en_en\/wp-json\/wp\/v2\/pages"}],"about":[{"href":"https:\/\/medicalboulevardtourism.com\/en_en\/wp-json\/wp\/v2\/types\/page"}],"author":[{"embeddable":true,"href":"https:\/\/medicalboulevardtourism.com\/en_en\/wp-json\/wp\/v2\/users\/1"}],"replies":[{"embeddable":true,"href":"https:\/\/medicalboulevardtourism.com\/en_en\/wp-json\/wp\/v2\/comments?post=5871"}],"version-history":[{"count":28,"href":"https:\/\/medicalboulevardtourism.com\/en_en\/wp-json\/wp\/v2\/pages\/5871\/revisions"}],"predecessor-version":[{"id":7286,"href":"https:\/\/medicalboulevardtourism.com\/en_en\/wp-json\/wp\/v2\/pages\/5871\/revisions\/7286"}],"wp:attachment":[{"href":"https:\/\/medicalboulevardtourism.com\/en_en\/wp-json\/wp\/v2\/media?parent=5871"}],"curies":[{"name":"wp","href":"https:\/\/api.w.org\/{rel}","templated":true}]}}