{"id":4475,"date":"2024-03-29T22:23:01","date_gmt":"2024-03-29T21:23:01","guid":{"rendered":"https:\/\/medicalboulevardtourism.com\/?page_id=4475"},"modified":"2024-07-10T21:26:35","modified_gmt":"2024-07-10T19:26:35","slug":"preguntas-frecuentes","status":"publish","type":"page","link":"https:\/\/medicalboulevardtourism.com\/en_en\/preguntas-frecuentes\/","title":{"rendered":"FAQs"},"content":{"rendered":"<div data-elementor-type=\"wp-page\" data-elementor-id=\"4475\" class=\"elementor elementor-4475\" data-elementor-post-type=\"page\">\n\t\t\t\t<div class=\"elementor-element elementor-element-86b0206 e-flex e-con-boxed e-con e-parent\" data-id=\"86b0206\" data-element_type=\"container\" data-settings=\"{&quot;background_background&quot;:&quot;classic&quot;}\">\n\t\t\t\t\t<div class=\"e-con-inner\">\n\t\t<div class=\"elementor-element elementor-element-a1e60c4 e-con-full e-flex e-con e-child\" data-id=\"a1e60c4\" data-element_type=\"container\">\n\t\t\t\t<div class=\"elementor-element elementor-element-21e0b80 elementor-widget elementor-widget-heading\" data-id=\"21e0b80\" data-element_type=\"widget\" data-widget_type=\"heading.default\">\n\t\t\t\t<div class=\"elementor-widget-container\">\n\t\t\t\t\t<div class=\"elementor-heading-title elementor-size-default\">We coordinate quality health services for you and your family, beyond your borders<\/div>\t\t\t\t<\/div>\n\t\t\t\t<\/div>\n\t\t\t\t<div class=\"elementor-element elementor-element-d76574a elementor-widget elementor-widget-heading\" data-id=\"d76574a\" data-element_type=\"widget\" data-widget_type=\"heading.default\">\n\t\t\t\t<div class=\"elementor-widget-container\">\n\t\t\t\t\t<h1 class=\"elementor-heading-title elementor-size-default\">WE ARE YOUR MEDICAL TOURISM FACILITATOR <\/h1>\t\t\t\t<\/div>\n\t\t\t\t<\/div>\n\t\t\t\t<div class=\"elementor-element elementor-element-6663eb2 elementor-hidden-desktop elementor-hidden-laptop elementor-hidden-tablet elementor-hidden-mobile elementor-widget elementor-widget-jet-ajax-search\" data-id=\"6663eb2\" data-element_type=\"widget\" data-settings=\"{&quot;results_area_columns&quot;:1}\" data-widget_type=\"jet-ajax-search.default\">\n\t\t\t\t<div class=\"elementor-widget-container\">\n\t\t\t\t\t<div class=\"elementor-jet-ajax-search jet-search\">\n\t<div class=\"jet_search_listing_grid_hidden_template\" style=\"display: none;\">\n\t\t\t<\/div>\n\n<div class=\"jet-ajax-search jet-ajax-search--mobile-skin\" data-settings=\"{&quot;symbols_for_start_searching&quot;:2,&quot;search_by_empty_value&quot;:&quot;&quot;,&quot;submit_on_enter&quot;:&quot;&quot;,&quot;search_source&quot;:[&quot;post&quot;,&quot;services&quot;],&quot;search_logging&quot;:&quot;&quot;,&quot;search_results_url&quot;:&quot;&quot;,&quot;search_taxonomy&quot;:&quot;&quot;,&quot;include_terms_ids&quot;:[],&quot;exclude_terms_ids&quot;:[],&quot;exclude_posts_ids&quot;:[],&quot;custom_fields_source&quot;:&quot;&quot;,&quot;limit_query&quot;:5,&quot;limit_query_tablet&quot;:&quot;&quot;,&quot;limit_query_mobile&quot;:&quot;&quot;,&quot;limit_query_in_result_area&quot;:25,&quot;results_order_by&quot;:&quot;relevance&quot;,&quot;results_order&quot;:&quot;asc&quot;,&quot;sentence&quot;:&quot;&quot;,&quot;search_in_taxonomy&quot;:&quot;&quot;,&quot;search_in_taxonomy_source&quot;:&quot;&quot;,&quot;results_area_width_by&quot;:&quot;form&quot;,&quot;results_area_custom_width&quot;:&quot;&quot;,&quot;results_area_custom_position&quot;:&quot;&quot;,&quot;results_area_columns&quot;:1,&quot;results_area_columns_tablet&quot;:&quot;&quot;,&quot;results_area_columns_mobile&quot;:&quot;&quot;,&quot;results_area_columns_mobile_portrait&quot;:&quot;&quot;,&quot;thumbnail_visible&quot;:&quot;yes&quot;,&quot;thumbnail_size&quot;:&quot;thumbnail&quot;,&quot;thumbnail_placeholder&quot;:{&quot;url&quot;:&quot;https:\\\/\\\/medicalboulevardtourism.com\\\/wp-content\\\/plugins\\\/elementor\\\/assets\\\/images\\\/placeholder.png&quot;,&quot;id&quot;:&quot;&quot;,&quot;size&quot;:&quot;&quot;},&quot;post_content_source&quot;:&quot;content&quot;,&quot;post_content_custom_field_key&quot;:&quot;&quot;,&quot;post_content_length&quot;:30,&quot;show_product_price&quot;:&quot;&quot;,&quot;show_product_rating&quot;:&quot;&quot;,&quot;show_add_to_cart&quot;:&quot;&quot;,&quot;show_result_new_tab&quot;:&quot;&quot;,&quot;highlight_searched_text&quot;:&quot;&quot;,&quot;listing_id&quot;:&quot;&quot;,&quot;bullet_pagination&quot;:&quot;&quot;,&quot;number_pagination&quot;:&quot;&quot;,&quot;navigation_arrows&quot;:&quot;in_header&quot;,&quot;navigation_arrows_type&quot;:&quot;angle&quot;,&quot;show_title_related_meta&quot;:&quot;&quot;,&quot;meta_title_related_position&quot;:&quot;&quot;,&quot;title_related_meta&quot;:&quot;&quot;,&quot;show_content_related_meta&quot;:&quot;&quot;,&quot;meta_content_related_position&quot;:&quot;&quot;,&quot;content_related_meta&quot;:&quot;&quot;,&quot;negative_search&quot;:&quot;Sorry, but nothing matched your search terms.&quot;,&quot;server_error&quot;:&quot;Sorry, but we cannot handle your search query now. Please, try again later!&quot;,&quot;show_search_suggestions&quot;:&quot;&quot;,&quot;search_suggestions_position&quot;:&quot;&quot;,&quot;search_suggestions_source&quot;:&quot;&quot;,&quot;search_suggestions_limits&quot;:&quot;&quot;,&quot;search_suggestions_item_title_length&quot;:&quot;&quot;,&quot;search_source_terms&quot;:&quot;&quot;,&quot;search_source_terms_title&quot;:&quot;&quot;,&quot;search_source_terms_icon&quot;:&quot;&quot;,&quot;search_source_terms_limit&quot;:&quot;&quot;,&quot;search_source_terms_listing_id&quot;:&quot;&quot;,&quot;search_source_terms_taxonomy&quot;:&quot;&quot;,&quot;search_source_users&quot;:&quot;&quot;,&quot;search_source_users_title&quot;:&quot;&quot;,&quot;search_source_users_icon&quot;:&quot;&quot;,&quot;search_source_users_limit&quot;:&quot;&quot;,&quot;search_source_users_listing_id&quot;:&quot;&quot;}\">\n<form class=\"jet-ajax-search__form\" method=\"get\" action=\"https:\/\/medicalboulevardtourism.com\/en_en\/\" role=\"search\" target=\"\" data-trp-original-action=\"https:\/\/medicalboulevardtourism.com\/en_en\/\">\n\t<div class=\"jet-ajax-search__fields-holder\">\n\t\t<div class=\"jet-ajax-search__field-wrapper\">\n\t\t\t<label for=\"search-input-6663eb2\" class=\"screen-reader-text\">Search ...<\/label>\n\t\t\t\t\t\t<input id=\"search-input-6663eb2\" class=\"jet-ajax-search__field\" type=\"search\" placeholder=\"Search\" value=\"\" name=\"s\" autocomplete=\"off\" \/>\n\t\t\t\t\t\t\t<input type=\"hidden\" value=\"{&quot;search_source&quot;:[&quot;post&quot;,&quot;services&quot;]}\" name=\"jet_ajax_search_settings\" \/>\n\t\t\t\t\t\t\n\t\t\t\t\t<\/div>\n\t\t\t<\/div>\n\t\n<button class=\"jet-ajax-search__submit\" type=\"submit\" aria-label=\"Search submit\"><span class=\"jet-ajax-search__submit-icon jet-ajax-search-icon\"><svg aria-hidden=\"true\" class=\"e-font-icon-svg e-fas-search\" viewbox=\"0 0 512 512\" xmlns=\"http:\/\/www.w3.org\/2000\/svg\"><path d=\"M505 442.7L405.3 343c-4.5-4.5-10.6-7-17-7H372c27.6-35.3 44-79.7 44-128C416 93.1 322.9 0 208 0S0 93.1 0 208s93.1 208 208 208c48.3 0 92.7-16.4 128-44v16.3c0 6.4 2.5 12.5 7 17l99.7 99.7c9.4 9.4 24.6 9.4 33.9 0l28.3-28.3c9.4-9.4 9.4-24.6.1-34zM208 336c-70.7 0-128-57.2-128-128 0-70.7 57.2-128 128-128 70.7 0 128 57.2 128 128 0 70.7-57.2 128-128 128z\"><\/path><\/svg><\/span><\/button>\n<input type=\"hidden\" name=\"trp-form-language\" value=\"en_en\"\/><\/form>\n\n<div class=\"jet-ajax-search__results-area\" >\n\t<div class=\"jet-ajax-search__results-holder\">\n\t\t\t\t\t<div class=\"jet-ajax-search__results-header\">\n\t\t\t\t\n<button class=\"jet-ajax-search__results-count\"><span><\/span> Results<\/button>\n\t\t\t\t<div class=\"jet-ajax-search__navigation-holder\"><\/div>\n\t\t\t<\/div>\n\t\t\t\t\t\t<div class=\"jet-ajax-search__results-list results-area-col-desk-1 results-area-col-tablet-0 results-area-col-mobile-0 results-area-col-mobile-portrait-1\" >\n\t\t\t            <div class=\"jet-ajax-search__results-list-inner\"><\/div>\n\t\t\t\t\t<\/div>\n\t\t\t\t\t<div class=\"jet-ajax-search__results-footer\">\n\t\t\t\t<button class=\"jet-ajax-search__full-results\">See all results<\/button>\t\t\t\t<div class=\"jet-ajax-search__navigation-holder\"><\/div>\n\t\t\t<\/div>\n\t\t\t<\/div>\n\t<div class=\"jet-ajax-search__message\"><\/div>\n\t\n<div class=\"jet-ajax-search__spinner-holder\">\n\t<div class=\"jet-ajax-search__spinner\">\n\t\t<div class=\"rect rect-1\"><\/div>\n\t\t<div class=\"rect rect-2\"><\/div>\n\t\t<div class=\"rect rect-3\"><\/div>\n\t\t<div class=\"rect rect-4\"><\/div>\n\t\t<div class=\"rect rect-5\"><\/div>\n\t<\/div>\n<\/div>\n<\/div>\n<\/div>\n<\/div>\t\t\t\t<\/div>\n\t\t\t\t<\/div>\n\t\t\t\t<\/div>\n\t\t\t\t\t<\/div>\n\t\t\t\t<\/div>\n\t\t<div class=\"elementor-element elementor-element-6b1c166 e-flex e-con-boxed e-con e-parent\" data-id=\"6b1c166\" data-element_type=\"container\">\n\t\t\t\t\t<div class=\"e-con-inner\">\n\t\t\t\t<div class=\"elementor-element elementor-element-1c4aae9 elementor-widget elementor-widget-heading\" data-id=\"1c4aae9\" data-element_type=\"widget\" data-widget_type=\"heading.default\">\n\t\t\t\t<div class=\"elementor-widget-container\">\n\t\t\t\t\t<h2 class=\"elementor-heading-title elementor-size-default\">PREGUNTAS FRECUENTES<\/h2>\t\t\t\t<\/div>\n\t\t\t\t<\/div>\n\t\t\t\t<div class=\"elementor-element elementor-element-ba57839 justificar-texto elementor-widget elementor-widget-text-editor\" data-id=\"ba57839\" data-element_type=\"widget\" data-widget_type=\"text-editor.default\">\n\t\t\t\t<div class=\"elementor-widget-container\">\n\t\t\t\t\t\t\t\t\t<p>Know the answers to <strong>FAQs<\/strong> from our clients and partners about Medical Boulevard services. Do not hesitate to ask if you have any questions or want to know more about our health tourism offers and benefits. We will answer as soon as possible.<\/p><p>We suggest that you visit the section<a href=\"https:\/\/medicalboulevardtourism.com\/en_en\/viaje-del-cliente\/\"> <u>Customer journey<\/u><\/a> to learn more about how we can help you.<\/p><p><strong>\u00a0<\/strong><\/p><p>Medical Boulevard is pleased to accompany you on your way to life!<\/p><p><strong>How can I find the medical treatment I need on Medical Boulevard?<\/strong><\/p><p>If you have an established diagnosis and a medical indication for the treatment you need and you want to receive that treatment outside of your country or city of residence, you can find out if it is available on Medical Boulevard in several ways:<\/p><ul><li>Go to the section <a href=\"https:\/\/medicalboulevardtourism.com\/en_en\/procedimientos-medicos\/\"><u>Medical Procedures<\/u><\/a> and search for the desired treatment in the treatment list. Click on the desired treatment to read more about it and if it matches what you need, fill out the request form that appears on the Request Treatment button. Also review the related services advertised on the page.<\/li><li>Another option is to go to the section <a href=\"https:\/\/medicalboulevardtourism.com\/en_en\/procedimientos-medicos\/\">Medical specialties<\/a> and click on the specialty to which your treatment belongs to learn more about options and the latest services and technologies in that medical field. If you find the desired treatment, fill out the request form that appears on the Request treatment button.<\/li><li>If you cannot identify the treatment you want among the Medical Boulevard options, you can put keywords about what you need in the search box and retrieve the information available on the site, on the topic of your interest.<\/li><li>If you can't find what you need, don't hesitate to contact our medical facilitators via <u>whatsapp channel <\/u>of Medical Boulevard.<\/li><\/ul><p><strong>How do I know if the medical treatment that Medical Boulevard offers me is of quality?<\/strong><\/p><p>Medical Boulevard works with certified hospitals, clinics, health centers and international medical tourism providers, who meet quality standards in their services, with years of experience and prestige in the field of health tourism, which is proof of its quality. . We may also verify the quality of a treatment or the expertise of a particular doctor to contribute to patient safety and satisfaction. You can find out about the quality certifications of the institutions that appear published in the section <a href=\"https:\/\/medicalboulevardtourism.com\/en_en\/destinos\/\"><u>Locations<\/u><\/a>.<\/p><p><strong>How do I know where the medical treatment I need is available, in which country, hospital or clinic?<\/strong><\/p><p>Medical Boulevard facilitates access to international health services in multiple destinations around the world, therefore, the treatment you need may be available in various countries, cities, hospitals and clinics. Depending on your health needs, conditions and preferences for a health tourism trip, our medical facilitators will recommend various alternatives. Complete the Request Treatment form and we will assist you as soon as possible.<\/p><p><strong>What is the price of Medical Boulevard's medical and wellness treatments?<\/strong><\/p><p>The prices of medical treatments and international wellness services that you can access through Medical Boulevard are published on our website. <a href=\"https:\/\/medicalboulevardtourism.com\/en_en\/\">www.medicalboulevardtourism.com<\/a>. You can review them in the Price List, where you will find the minimum prices for each service, expressed in US dollars, regardless of the country or medical institution that offers it. Please note that the price of the treatments varies depending on your specific needs and the destination and institution chosen, so the published prices are only a reference and do not constitute the final price of the service.<\/p><p>Request a free quote using the Request a Treatment button.<\/p><p><strong>What services are included in the prices of medical and wellness treatments offered by Medical Boulevard and what are they not included?<\/strong><\/p><p>These prices include the cost of the treatment and medical care provided, as well as the use of the necessary materials and products such as prostheses or medications essential to carry out the indicated treatment. They do not include the costs of travel, hospitalization, additional materials or medications required by the patient or other than those of the chosen treatment, nor the expenses related to their companion.<\/p><p><strong>\u00a0<\/strong><\/p><p><strong>How much do Medical Boulevard health tourism services cost?<\/strong><\/p><p>The <a href=\"https:\/\/medicalboulevardtourism.com\/en_en\/nuestros-servicios\/\"><u>medical tourism services<\/u><\/a> on Medical Boulevard are free. You will not have to pay anything to receive our assistance and a quote for the treatment you need in our basic package of offers, for which you must correctly provide the data requested in the Request a Treatment form and those requested by our medical facilitator. The additional paid services of our Premium offers will be duly identified on our website.<\/p><p><strong>How do I contact the Medical Boulevard team if I am interested in professional or business relationships?<\/strong><\/p><p>We are pleased to strengthen alliances and establish professional relationships in the field of medical and wellness tourism. To do this you must fill out the <u>Contact form for professionals<\/u> or write to us at the email address <a href=\"mailto:contact@medicalboulevardtourism.com\">contact@medicalboulevardtourism.com<\/a><\/p><p>Review the <a href=\"https:\/\/medicalboulevardtourism.com\/en_en\/terminos-y-condiciones\/\"><u>Terms and Conditions <\/u><\/a>and our<u><a href=\"https:\/\/medicalboulevardtourism.com\/en_en\/politica-de-privacidad\/\"> Privacy Policy<\/a> <\/u>before requesting a service.<\/p><p>Send us your question or doubt through our WhatsApp channel or email <a href=\"mailto:info@medicalboulevardtourism.com\">info@medicalboulevardtourism.com<\/a>.<\/p>\t\t\t\t\t\t\t\t<\/div>\n\t\t\t\t<\/div>\n\t\t\t\t\t<\/div>\n\t\t\t\t<\/div>\n\t\t<div class=\"elementor-element elementor-element-6d66452 e-flex e-con-boxed e-con e-parent\" data-id=\"6d66452\" data-element_type=\"container\">\n\t\t\t\t\t<div class=\"e-con-inner\">\n\t\t<div class=\"elementor-element elementor-element-b7a0993 e-con-full e-flex e-con e-child\" data-id=\"b7a0993\" data-element_type=\"container\">\n\t\t<div class=\"elementor-element elementor-element-d3fb061 e-con-full e-flex e-con e-child\" data-id=\"d3fb061\" data-element_type=\"container\">\n\t\t<div class=\"elementor-element elementor-element-5d87ca7 e-con-full e-flex e-con e-child\" data-id=\"5d87ca7\" data-element_type=\"container\" data-settings=\"{&quot;background_background&quot;:&quot;classic&quot;}\">\n\t\t\t\t<div class=\"elementor-element elementor-element-91ec703 elementor-widget__width-initial elementor-widget elementor-widget-heading\" data-id=\"91ec703\" data-element_type=\"widget\" data-widget_type=\"heading.default\">\n\t\t\t\t<div class=\"elementor-widget-container\">\n\t\t\t\t\t<h2 class=\"elementor-heading-title elementor-size-default\">Don't delay taking care of yourself and your loved ones.<\/h2>\t\t\t\t<\/div>\n\t\t\t\t<\/div>\n\t\t\t\t<div class=\"elementor-element elementor-element-58c9592 elementor-widget elementor-widget-button\" data-id=\"58c9592\" data-element_type=\"widget\" data-widget_type=\"button.default\">\n\t\t\t\t<div class=\"elementor-widget-container\">\n\t\t\t\t\t\t\t\t\t<div class=\"elementor-button-wrapper\">\n\t\t\t\t\t<a class=\"elementor-button elementor-button-link elementor-size-sm\" href=\"https:\/\/medicalboulevardtourism.com\/en_en\/contactos\/\">\n\t\t\t\t\t\t<span class=\"elementor-button-content-wrapper\">\n\t\t\t\t\t\t\t\t\t<span class=\"elementor-button-text\">Contact us<\/span>\n\t\t\t\t\t<\/span>\n\t\t\t\t\t<\/a>\n\t\t\t\t<\/div>\n\t\t\t\t\t\t\t\t<\/div>\n\t\t\t\t<\/div>\n\t\t\t\t<\/div>\n\t\t\t\t<\/div>\n\t\t\t\t<\/div>\n\t\t\t\t\t<\/div>\n\t\t\t\t<\/div>\n\t\t\t\t<\/div>","protected":false},"excerpt":{"rendered":"<p>Coordinamos servicios de salud de calidad para usted y su familia, m\u00e1s all\u00e1 de sus fronteras SOMOS SU FACILITADOR DE TURISMO M\u00c9DICO Search &#8230; Results See all results PREGUNTAS FRECUENTES Conozca las respuestas a Preguntas Frecuentes de nuestros clientes y socios sobre los servicios de Medical Boulevard. No dude en preguntar si tiene alguna duda [&hellip;]<\/p>","protected":false},"author":1,"featured_media":0,"parent":0,"menu_order":0,"comment_status":"closed","ping_status":"closed","template":"","meta":{"_acf_changed":false,"inline_featured_image":false,"_jet_sm_ready_style":"","_jet_sm_style":"","_jet_sm_controls_values":"","_jet_sm_fonts_collection":"","_jet_sm_fonts_links":"","footnotes":""},"class_list":["post-4475","page","type-page","status-publish","hentry"],"acf":[],"_links":{"self":[{"href":"https:\/\/medicalboulevardtourism.com\/en_en\/wp-json\/wp\/v2\/pages\/4475","targetHints":{"allow":["GET"]}}],"collection":[{"href":"https:\/\/medicalboulevardtourism.com\/en_en\/wp-json\/wp\/v2\/pages"}],"about":[{"href":"https:\/\/medicalboulevardtourism.com\/en_en\/wp-json\/wp\/v2\/types\/page"}],"author":[{"embeddable":true,"href":"https:\/\/medicalboulevardtourism.com\/en_en\/wp-json\/wp\/v2\/users\/1"}],"replies":[{"embeddable":true,"href":"https:\/\/medicalboulevardtourism.com\/en_en\/wp-json\/wp\/v2\/comments?post=4475"}],"version-history":[{"count":19,"href":"https:\/\/medicalboulevardtourism.com\/en_en\/wp-json\/wp\/v2\/pages\/4475\/revisions"}],"predecessor-version":[{"id":7256,"href":"https:\/\/medicalboulevardtourism.com\/en_en\/wp-json\/wp\/v2\/pages\/4475\/revisions\/7256"}],"wp:attachment":[{"href":"https:\/\/medicalboulevardtourism.com\/en_en\/wp-json\/wp\/v2\/media?parent=4475"}],"curies":[{"name":"wp","href":"https:\/\/api.w.org\/{rel}","templated":true}]}}