{"id":4472,"date":"2024-03-29T22:22:11","date_gmt":"2024-03-29T21:22:11","guid":{"rendered":"https:\/\/medicalboulevardtourism.com\/?page_id=4472"},"modified":"2024-07-10T21:45:51","modified_gmt":"2024-07-10T19:45:51","slug":"viaje-del-cliente","status":"publish","type":"page","link":"https:\/\/medicalboulevardtourism.com\/en_en\/viaje-del-cliente\/","title":{"rendered":"Customer Journey"},"content":{"rendered":"<div data-elementor-type=\"wp-page\" data-elementor-id=\"4472\" class=\"elementor elementor-4472\" data-elementor-post-type=\"page\">\n\t\t\t\t<div class=\"elementor-element elementor-element-7a198d3 e-flex e-con-boxed e-con e-parent\" data-id=\"7a198d3\" data-element_type=\"container\" data-settings=\"{&quot;background_background&quot;:&quot;classic&quot;}\">\n\t\t\t\t\t<div class=\"e-con-inner\">\n\t\t<div class=\"elementor-element elementor-element-6312398 e-con-full e-flex e-con e-child\" data-id=\"6312398\" data-element_type=\"container\">\n\t\t\t\t<div class=\"elementor-element elementor-element-fa1d53c elementor-widget elementor-widget-heading\" data-id=\"fa1d53c\" data-element_type=\"widget\" data-widget_type=\"heading.default\">\n\t\t\t\t<div class=\"elementor-widget-container\">\n\t\t\t\t\t<div class=\"elementor-heading-title elementor-size-default\">We coordinate quality health services for you and your family, beyond your borders<\/div>\t\t\t\t<\/div>\n\t\t\t\t<\/div>\n\t\t\t\t<div class=\"elementor-element elementor-element-dc66288 elementor-widget elementor-widget-heading\" data-id=\"dc66288\" data-element_type=\"widget\" data-widget_type=\"heading.default\">\n\t\t\t\t<div class=\"elementor-widget-container\">\n\t\t\t\t\t<h1 class=\"elementor-heading-title elementor-size-default\">WE ARE YOUR MEDICAL TOURISM FACILITATOR <\/h1>\t\t\t\t<\/div>\n\t\t\t\t<\/div>\n\t\t\t\t<div class=\"elementor-element elementor-element-8ea7195 elementor-hidden-desktop elementor-hidden-laptop elementor-hidden-tablet elementor-hidden-mobile elementor-widget elementor-widget-jet-ajax-search\" data-id=\"8ea7195\" data-element_type=\"widget\" data-settings=\"{&quot;results_area_columns&quot;:1}\" data-widget_type=\"jet-ajax-search.default\">\n\t\t\t\t<div class=\"elementor-widget-container\">\n\t\t\t\t\t<div class=\"elementor-jet-ajax-search jet-search\">\n\t<div class=\"jet_search_listing_grid_hidden_template\" style=\"display: none;\">\n\t\t\t<\/div>\n\n<div class=\"jet-ajax-search jet-ajax-search--mobile-skin\" data-settings=\"{&quot;symbols_for_start_searching&quot;:2,&quot;search_by_empty_value&quot;:&quot;&quot;,&quot;submit_on_enter&quot;:&quot;&quot;,&quot;search_source&quot;:[&quot;post&quot;,&quot;services&quot;],&quot;search_logging&quot;:&quot;&quot;,&quot;search_results_url&quot;:&quot;&quot;,&quot;search_taxonomy&quot;:&quot;&quot;,&quot;include_terms_ids&quot;:[],&quot;exclude_terms_ids&quot;:[],&quot;exclude_posts_ids&quot;:[],&quot;custom_fields_source&quot;:&quot;&quot;,&quot;limit_query&quot;:5,&quot;limit_query_tablet&quot;:&quot;&quot;,&quot;limit_query_mobile&quot;:&quot;&quot;,&quot;limit_query_in_result_area&quot;:25,&quot;results_order_by&quot;:&quot;relevance&quot;,&quot;results_order&quot;:&quot;asc&quot;,&quot;sentence&quot;:&quot;&quot;,&quot;search_in_taxonomy&quot;:&quot;&quot;,&quot;search_in_taxonomy_source&quot;:&quot;&quot;,&quot;results_area_width_by&quot;:&quot;form&quot;,&quot;results_area_custom_width&quot;:&quot;&quot;,&quot;results_area_custom_position&quot;:&quot;&quot;,&quot;results_area_columns&quot;:1,&quot;results_area_columns_tablet&quot;:&quot;&quot;,&quot;results_area_columns_mobile&quot;:&quot;&quot;,&quot;results_area_columns_mobile_portrait&quot;:&quot;&quot;,&quot;thumbnail_visible&quot;:&quot;yes&quot;,&quot;thumbnail_size&quot;:&quot;thumbnail&quot;,&quot;thumbnail_placeholder&quot;:{&quot;url&quot;:&quot;https:\\\/\\\/medicalboulevardtourism.com\\\/wp-content\\\/plugins\\\/elementor\\\/assets\\\/images\\\/placeholder.png&quot;,&quot;id&quot;:&quot;&quot;,&quot;size&quot;:&quot;&quot;},&quot;post_content_source&quot;:&quot;content&quot;,&quot;post_content_custom_field_key&quot;:&quot;&quot;,&quot;post_content_length&quot;:30,&quot;show_product_price&quot;:&quot;&quot;,&quot;show_product_rating&quot;:&quot;&quot;,&quot;show_add_to_cart&quot;:&quot;&quot;,&quot;show_result_new_tab&quot;:&quot;&quot;,&quot;highlight_searched_text&quot;:&quot;&quot;,&quot;listing_id&quot;:&quot;&quot;,&quot;bullet_pagination&quot;:&quot;&quot;,&quot;number_pagination&quot;:&quot;&quot;,&quot;navigation_arrows&quot;:&quot;in_header&quot;,&quot;navigation_arrows_type&quot;:&quot;angle&quot;,&quot;show_title_related_meta&quot;:&quot;&quot;,&quot;meta_title_related_position&quot;:&quot;&quot;,&quot;title_related_meta&quot;:&quot;&quot;,&quot;show_content_related_meta&quot;:&quot;&quot;,&quot;meta_content_related_position&quot;:&quot;&quot;,&quot;content_related_meta&quot;:&quot;&quot;,&quot;negative_search&quot;:&quot;Sorry, but nothing matched your search terms.&quot;,&quot;server_error&quot;:&quot;Sorry, but we cannot handle your search query now. Please, try again later!&quot;,&quot;show_search_suggestions&quot;:&quot;&quot;,&quot;search_suggestions_position&quot;:&quot;&quot;,&quot;search_suggestions_source&quot;:&quot;&quot;,&quot;search_suggestions_limits&quot;:&quot;&quot;,&quot;search_suggestions_item_title_length&quot;:&quot;&quot;,&quot;search_source_terms&quot;:&quot;&quot;,&quot;search_source_terms_title&quot;:&quot;&quot;,&quot;search_source_terms_icon&quot;:&quot;&quot;,&quot;search_source_terms_limit&quot;:&quot;&quot;,&quot;search_source_terms_listing_id&quot;:&quot;&quot;,&quot;search_source_terms_taxonomy&quot;:&quot;&quot;,&quot;search_source_users&quot;:&quot;&quot;,&quot;search_source_users_title&quot;:&quot;&quot;,&quot;search_source_users_icon&quot;:&quot;&quot;,&quot;search_source_users_limit&quot;:&quot;&quot;,&quot;search_source_users_listing_id&quot;:&quot;&quot;}\">\n<form class=\"jet-ajax-search__form\" method=\"get\" action=\"https:\/\/medicalboulevardtourism.com\/en_en\/\" role=\"search\" target=\"\" data-trp-original-action=\"https:\/\/medicalboulevardtourism.com\/en_en\/\">\n\t<div class=\"jet-ajax-search__fields-holder\">\n\t\t<div class=\"jet-ajax-search__field-wrapper\">\n\t\t\t<label for=\"search-input-8ea7195\" class=\"screen-reader-text\">Search ...<\/label>\n\t\t\t\t\t\t<input id=\"search-input-8ea7195\" class=\"jet-ajax-search__field\" type=\"search\" placeholder=\"Search\" value=\"\" name=\"s\" autocomplete=\"off\" \/>\n\t\t\t\t\t\t\t<input type=\"hidden\" value=\"{&quot;search_source&quot;:[&quot;post&quot;,&quot;services&quot;]}\" name=\"jet_ajax_search_settings\" \/>\n\t\t\t\t\t\t\n\t\t\t\t\t<\/div>\n\t\t\t<\/div>\n\t\n<button class=\"jet-ajax-search__submit\" type=\"submit\" aria-label=\"Search submit\"><span class=\"jet-ajax-search__submit-icon jet-ajax-search-icon\"><svg aria-hidden=\"true\" class=\"e-font-icon-svg e-fas-search\" viewbox=\"0 0 512 512\" xmlns=\"http:\/\/www.w3.org\/2000\/svg\"><path d=\"M505 442.7L405.3 343c-4.5-4.5-10.6-7-17-7H372c27.6-35.3 44-79.7 44-128C416 93.1 322.9 0 208 0S0 93.1 0 208s93.1 208 208 208c48.3 0 92.7-16.4 128-44v16.3c0 6.4 2.5 12.5 7 17l99.7 99.7c9.4 9.4 24.6 9.4 33.9 0l28.3-28.3c9.4-9.4 9.4-24.6.1-34zM208 336c-70.7 0-128-57.2-128-128 0-70.7 57.2-128 128-128 70.7 0 128 57.2 128 128 0 70.7-57.2 128-128 128z\"><\/path><\/svg><\/span><\/button>\n<input type=\"hidden\" name=\"trp-form-language\" value=\"en_en\"\/><\/form>\n\n<div class=\"jet-ajax-search__results-area\" >\n\t<div class=\"jet-ajax-search__results-holder\">\n\t\t\t\t\t<div class=\"jet-ajax-search__results-header\">\n\t\t\t\t\n<button class=\"jet-ajax-search__results-count\"><span><\/span> Results<\/button>\n\t\t\t\t<div class=\"jet-ajax-search__navigation-holder\"><\/div>\n\t\t\t<\/div>\n\t\t\t\t\t\t<div class=\"jet-ajax-search__results-list results-area-col-desk-1 results-area-col-tablet-0 results-area-col-mobile-0 results-area-col-mobile-portrait-1\" >\n\t\t\t            <div class=\"jet-ajax-search__results-list-inner\"><\/div>\n\t\t\t\t\t<\/div>\n\t\t\t\t\t<div class=\"jet-ajax-search__results-footer\">\n\t\t\t\t<button class=\"jet-ajax-search__full-results\">See all results<\/button>\t\t\t\t<div class=\"jet-ajax-search__navigation-holder\"><\/div>\n\t\t\t<\/div>\n\t\t\t<\/div>\n\t<div class=\"jet-ajax-search__message\"><\/div>\n\t\n<div class=\"jet-ajax-search__spinner-holder\">\n\t<div class=\"jet-ajax-search__spinner\">\n\t\t<div class=\"rect rect-1\"><\/div>\n\t\t<div class=\"rect rect-2\"><\/div>\n\t\t<div class=\"rect rect-3\"><\/div>\n\t\t<div class=\"rect rect-4\"><\/div>\n\t\t<div class=\"rect rect-5\"><\/div>\n\t<\/div>\n<\/div>\n<\/div>\n<\/div>\n<\/div>\t\t\t\t<\/div>\n\t\t\t\t<\/div>\n\t\t\t\t<\/div>\n\t\t\t\t\t<\/div>\n\t\t\t\t<\/div>\n\t\t<div class=\"elementor-element elementor-element-6c9b75a e-flex e-con-boxed e-con e-parent\" data-id=\"6c9b75a\" data-element_type=\"container\">\n\t\t\t\t\t<div class=\"e-con-inner\">\n\t\t\t\t<div class=\"elementor-element elementor-element-9445e59 elementor-widget elementor-widget-heading\" data-id=\"9445e59\" data-element_type=\"widget\" data-widget_type=\"heading.default\">\n\t\t\t\t<div class=\"elementor-widget-container\">\n\t\t\t\t\t<h2 class=\"elementor-heading-title elementor-size-default\">CUSTOMER JOURNEY<\/h2>\t\t\t\t<\/div>\n\t\t\t\t<\/div>\n\t\t\t\t<div class=\"elementor-element elementor-element-886e82e justificar-texto elementor-widget elementor-widget-text-editor\" data-id=\"886e82e\" data-element_type=\"widget\" data-widget_type=\"text-editor.default\">\n\t\t\t\t<div class=\"elementor-widget-container\">\n\t\t\t\t\t\t\t\t\t<h3><strong>Medical Boulevard is the facilitator of international medical tourism that accompanies you \u201con the road to life\u201d<\/strong>How do we work?<\/h3><p>If you need medical, dental, cosmetic or wellness treatment and are looking for options outside of where you live, you are in the right place. Provide what your need is, the diagnosis and the indication of the treatment guided by your doctor or desired procedure, as well as the documents, history and medical examinations, and we are with you.<\/p><h4><strong>Ready to start your medical journey with Medical Boulevard?<\/strong><\/h4><h5><strong>Step 1. Visit our website <\/strong><\/h5><p>On our website <a href=\"https:\/\/medicalboulevardourism.com\" target=\"_blank\" rel=\"noopener\">https:\/\/medicalboulevardourism.com<\/a> you will find information about the <a href=\"https:\/\/medicalboulevardtourism.com\/en_en\/procedimientos-medicos\/\"><u>Medical treatments<\/u><\/a> that we have available. However, if what you are looking for does not appear on this list, do not hesitate to ask us via email <a href=\"mailto:info@medicalboulevardtourism.com\">info@medicalboulevardtourism.com<\/a> or our channel in <u>WhatsApp<\/u>, as well as any questions you may have about choosing the desired treatment.<\/p><p>You can also review our <a href=\"https:\/\/medicalboulevardtourism.com\/en_en\/nuestros-servicios\/\"><u>Medical Tourism Services<\/u><\/a> so that you know the facilities we offer and in the section <a href=\"https:\/\/medicalboulevardtourism.com\/en_en\/quienes-somos\/\"><u>About us?<\/u><\/a> and <a href=\"https:\/\/medicalboulevardtourism.com\/en_en\/por-que-elegirnos\/\"><u>Why choose us?<\/u><\/a> will confirm the advantages of taking this path with us.<\/p><h5><strong>Step 2 Fill out the treatment request form <\/strong><\/h5><p>Once the desired treatment has been identified, fill out the request form using the Request Treatment button. Remember to read and accept our<a href=\"https:\/\/medicalboulevardtourism.com\/en_en\/terminos-y-condiciones\/\"><u> Terms and Conditions <\/u><\/a>of services.<\/p><p>If you have received confirmation of sending your request, a member of our team will contact you shortly and assign you a medical facilitator, in charge of giving you the personalized attention you need throughout your medical journey, with whom you will share the details of your medical indication or desired procedure.<\/p><p><strong>\u00a0<\/strong><\/p><h5><strong>Step 3. Treatment location <\/strong><\/h5><p>Depending on your needs, conditions and preferences, Medical Boulevard will offer you a location to receive the requested medical or wellness treatment, suggesting which hospital, clinic, health center or health professionals, as well as in which city or country it is available, the price range, conditions of services and travel options, so that you can make the best choice of the place where you will receive the selected health services.<\/p><p><strong>\u00a0<\/strong><\/p><h5><strong>Step 4. Contact the medical service provider.<\/strong><\/h5><p>You are already on your way to knowing if you are a candidate to receive the desired treatment in the destination of your choice. To do this, your medical facilitator will put you in contact with the health service provider who will care for you. Your medical history will be analyzed in depth and in some cases we will try to have direct contact between you and the medical team or their assistants, before closing an agreement.<\/p><p><strong>\u00a0<\/strong><\/p><h5><strong>Step 5. Agreements <\/strong><\/h5><p>You will receive an offer of medical services with a description of the services, the most approximate amount of the expenses involved in your treatment and the payment conditions. If you agree, an appointment to receive treatment is scheduled on a date planned between the parties, along with all the information necessary to prepare. Sometimes, you must pay a percent in advance, in others, you make full payment for the services upon arrival at the destination on the designated day.<\/p><p><strong>\u00a0<\/strong><\/p><h5><strong>Step 6 Travel organization<\/strong><\/h5><p>Once the health service is scheduled, we help you with information of interest and in some cases we can coordinate travel services at the destinations for your arrival, stay and return. We want you to feel safe every step of your medical journey until you reach the institution that will care for you to receive your treatment and then return home.<\/p><p><strong>\u00a0<\/strong><\/p><h5><strong>Step 7. Reception and treatment at the destination.<\/strong><\/h5><p>The day has come! A friendly team of professionals will receive you at the medical institution at the appointed time. Ask all the necessary questions and follow the medical instructions so that your procedure is successful. Your medical facilitator will be aware of your progress. We hope you can regain your health and enjoy the attractions of your chosen tourist destination.<\/p><p><strong>\u00a0<\/strong><\/p><h5><strong>Step 8. Return and follow-up.<\/strong><\/h5><p>You have successfully completed your medical journey! Medical Boulevard, together with your service provider, will continue to be with you until your complete recovery. We hope to always be part of your \u201cpath to life\u201d.<\/p>\t\t\t\t\t\t\t\t<\/div>\n\t\t\t\t<\/div>\n\t\t\t\t\t<\/div>\n\t\t\t\t<\/div>\n\t\t<div class=\"elementor-element elementor-element-63ecbd1 e-flex e-con-boxed e-con e-parent\" data-id=\"63ecbd1\" data-element_type=\"container\">\n\t\t\t\t\t<div class=\"e-con-inner\">\n\t\t<div class=\"elementor-element elementor-element-d8a5e9b e-con-full e-flex e-con e-child\" data-id=\"d8a5e9b\" data-element_type=\"container\">\n\t\t<div class=\"elementor-element elementor-element-9607e65 e-con-full e-flex e-con e-child\" data-id=\"9607e65\" data-element_type=\"container\">\n\t\t<div class=\"elementor-element elementor-element-1b7f12a e-con-full e-flex e-con e-child\" data-id=\"1b7f12a\" data-element_type=\"container\" data-settings=\"{&quot;background_background&quot;:&quot;classic&quot;}\">\n\t\t\t\t<div class=\"elementor-element elementor-element-58ae57a elementor-widget__width-initial elementor-widget elementor-widget-heading\" data-id=\"58ae57a\" data-element_type=\"widget\" data-widget_type=\"heading.default\">\n\t\t\t\t<div class=\"elementor-widget-container\">\n\t\t\t\t\t<h2 class=\"elementor-heading-title elementor-size-default\">Medical Boulevard se complace en acompa\u00f1arles en su viaje de turismo de salud, camino a la vida.<\/h2>\t\t\t\t<\/div>\n\t\t\t\t<\/div>\n\t\t\t\t<div class=\"elementor-element elementor-element-7da7ce7 elementor-widget elementor-widget-button\" data-id=\"7da7ce7\" data-element_type=\"widget\" data-widget_type=\"button.default\">\n\t\t\t\t<div class=\"elementor-widget-container\">\n\t\t\t\t\t\t\t\t\t<div class=\"elementor-button-wrapper\">\n\t\t\t\t\t<a class=\"elementor-button elementor-button-link elementor-size-sm\" href=\"#\">\n\t\t\t\t\t\t<span class=\"elementor-button-content-wrapper\">\n\t\t\t\t\t\t\t\t\t<span class=\"elementor-button-text\">Contact us<\/span>\n\t\t\t\t\t<\/span>\n\t\t\t\t\t<\/a>\n\t\t\t\t<\/div>\n\t\t\t\t\t\t\t\t<\/div>\n\t\t\t\t<\/div>\n\t\t\t\t<\/div>\n\t\t\t\t<\/div>\n\t\t\t\t<\/div>\n\t\t\t\t\t<\/div>\n\t\t\t\t<\/div>\n\t\t\t\t<\/div>","protected":false},"excerpt":{"rendered":"<p>Coordinamos servicios de salud de calidad para usted y su familia, m\u00e1s all\u00e1 de sus fronteras SOMOS SU FACILITADOR DE TURISMO M\u00c9DICO Search &#8230; Results See all results VIAJE DEL CLIENTE Medical Boulevard es el facilitador de turismo m\u00e9dico internacional que le acompa\u00f1a \u201ccamino a la vida\u201d. \u00bfC\u00f3mo funcionamos? Si necesita un tratamiento m\u00e9dico, dental, [&hellip;]<\/p>","protected":false},"author":1,"featured_media":0,"parent":0,"menu_order":0,"comment_status":"closed","ping_status":"closed","template":"","meta":{"_acf_changed":false,"inline_featured_image":false,"_jet_sm_ready_style":"","_jet_sm_style":"","_jet_sm_controls_values":"","_jet_sm_fonts_collection":"","_jet_sm_fonts_links":"","footnotes":""},"class_list":["post-4472","page","type-page","status-publish","hentry"],"acf":[],"_links":{"self":[{"href":"https:\/\/medicalboulevardtourism.com\/en_en\/wp-json\/wp\/v2\/pages\/4472","targetHints":{"allow":["GET"]}}],"collection":[{"href":"https:\/\/medicalboulevardtourism.com\/en_en\/wp-json\/wp\/v2\/pages"}],"about":[{"href":"https:\/\/medicalboulevardtourism.com\/en_en\/wp-json\/wp\/v2\/types\/page"}],"author":[{"embeddable":true,"href":"https:\/\/medicalboulevardtourism.com\/en_en\/wp-json\/wp\/v2\/users\/1"}],"replies":[{"embeddable":true,"href":"https:\/\/medicalboulevardtourism.com\/en_en\/wp-json\/wp\/v2\/comments?post=4472"}],"version-history":[{"count":25,"href":"https:\/\/medicalboulevardtourism.com\/en_en\/wp-json\/wp\/v2\/pages\/4472\/revisions"}],"predecessor-version":[{"id":7277,"href":"https:\/\/medicalboulevardtourism.com\/en_en\/wp-json\/wp\/v2\/pages\/4472\/revisions\/7277"}],"wp:attachment":[{"href":"https:\/\/medicalboulevardtourism.com\/en_en\/wp-json\/wp\/v2\/media?parent=4472"}],"curies":[{"name":"wp","href":"https:\/\/api.w.org\/{rel}","templated":true}]}}