{"id":4459,"date":"2024-03-29T21:48:31","date_gmt":"2024-03-29T20:48:31","guid":{"rendered":"https:\/\/medicalboulevardtourism.com\/?page_id=4459"},"modified":"2025-07-28T12:01:38","modified_gmt":"2025-07-28T16:01:38","slug":"quienes-somos","status":"publish","type":"page","link":"https:\/\/medicalboulevardtourism.com\/en_en\/quienes-somos\/","title":{"rendered":"About us"},"content":{"rendered":"<div data-elementor-type=\"wp-page\" data-elementor-id=\"4459\" class=\"elementor elementor-4459\" data-elementor-post-type=\"page\">\n\t\t\t\t<div class=\"elementor-element elementor-element-cccc0e4 e-flex e-con-boxed e-con e-parent\" data-id=\"cccc0e4\" data-element_type=\"container\" data-settings=\"{&quot;background_background&quot;:&quot;classic&quot;}\">\n\t\t\t\t\t<div class=\"e-con-inner\">\n\t\t<div class=\"elementor-element elementor-element-29a51ff e-con-full e-flex e-con e-child\" data-id=\"29a51ff\" data-element_type=\"container\">\n\t\t\t\t<div class=\"elementor-element elementor-element-98023ef elementor-widget elementor-widget-heading\" data-id=\"98023ef\" data-element_type=\"widget\" data-widget_type=\"heading.default\">\n\t\t\t\t<div class=\"elementor-widget-container\">\n\t\t\t\t\t<div class=\"elementor-heading-title elementor-size-default\">We coordinate quality health services for you and your family, beyond your borders<\/div>\t\t\t\t<\/div>\n\t\t\t\t<\/div>\n\t\t\t\t<div class=\"elementor-element elementor-element-0c0eb17 elementor-widget elementor-widget-heading\" data-id=\"0c0eb17\" data-element_type=\"widget\" data-widget_type=\"heading.default\">\n\t\t\t\t<div class=\"elementor-widget-container\">\n\t\t\t\t\t<h1 class=\"elementor-heading-title elementor-size-default\">WE ARE YOUR MEDICAL TOURISM FACILITATOR <\/h1>\t\t\t\t<\/div>\n\t\t\t\t<\/div>\n\t\t\t\t<div class=\"elementor-element elementor-element-608ce7e elementor-hidden-desktop elementor-hidden-laptop elementor-hidden-tablet elementor-hidden-mobile elementor-widget elementor-widget-jet-ajax-search\" data-id=\"608ce7e\" data-element_type=\"widget\" data-settings=\"{&quot;results_area_columns&quot;:1}\" data-widget_type=\"jet-ajax-search.default\">\n\t\t\t\t<div class=\"elementor-widget-container\">\n\t\t\t\t\t<div class=\"elementor-jet-ajax-search jet-search\">\n\t<div class=\"jet_search_listing_grid_hidden_template\" style=\"display: none;\">\n\t\t\t<\/div>\n\n<div class=\"jet-ajax-search jet-ajax-search--mobile-skin\" data-settings=\"{&quot;symbols_for_start_searching&quot;:2,&quot;search_by_empty_value&quot;:&quot;&quot;,&quot;submit_on_enter&quot;:&quot;&quot;,&quot;search_source&quot;:[&quot;post&quot;,&quot;services&quot;],&quot;search_logging&quot;:&quot;&quot;,&quot;search_results_url&quot;:&quot;&quot;,&quot;search_taxonomy&quot;:&quot;&quot;,&quot;include_terms_ids&quot;:[],&quot;exclude_terms_ids&quot;:[],&quot;exclude_posts_ids&quot;:[],&quot;custom_fields_source&quot;:&quot;&quot;,&quot;limit_query&quot;:5,&quot;limit_query_tablet&quot;:&quot;&quot;,&quot;limit_query_mobile&quot;:&quot;&quot;,&quot;limit_query_in_result_area&quot;:25,&quot;results_order_by&quot;:&quot;relevance&quot;,&quot;results_order&quot;:&quot;asc&quot;,&quot;sentence&quot;:&quot;&quot;,&quot;search_in_taxonomy&quot;:&quot;&quot;,&quot;search_in_taxonomy_source&quot;:&quot;&quot;,&quot;results_area_width_by&quot;:&quot;form&quot;,&quot;results_area_custom_width&quot;:&quot;&quot;,&quot;results_area_custom_position&quot;:&quot;&quot;,&quot;results_area_columns&quot;:1,&quot;results_area_columns_tablet&quot;:&quot;&quot;,&quot;results_area_columns_mobile&quot;:&quot;&quot;,&quot;results_area_columns_mobile_portrait&quot;:&quot;&quot;,&quot;thumbnail_visible&quot;:&quot;yes&quot;,&quot;thumbnail_size&quot;:&quot;thumbnail&quot;,&quot;thumbnail_placeholder&quot;:{&quot;url&quot;:&quot;https:\\\/\\\/medicalboulevardtourism.com\\\/wp-content\\\/plugins\\\/elementor\\\/assets\\\/images\\\/placeholder.png&quot;,&quot;id&quot;:&quot;&quot;,&quot;size&quot;:&quot;&quot;},&quot;post_content_source&quot;:&quot;content&quot;,&quot;post_content_custom_field_key&quot;:&quot;&quot;,&quot;post_content_length&quot;:30,&quot;show_product_price&quot;:&quot;&quot;,&quot;show_product_rating&quot;:&quot;&quot;,&quot;show_add_to_cart&quot;:&quot;&quot;,&quot;show_result_new_tab&quot;:&quot;&quot;,&quot;highlight_searched_text&quot;:&quot;&quot;,&quot;listing_id&quot;:&quot;&quot;,&quot;bullet_pagination&quot;:&quot;&quot;,&quot;number_pagination&quot;:&quot;&quot;,&quot;navigation_arrows&quot;:&quot;in_header&quot;,&quot;navigation_arrows_type&quot;:&quot;angle&quot;,&quot;show_title_related_meta&quot;:&quot;&quot;,&quot;meta_title_related_position&quot;:&quot;&quot;,&quot;title_related_meta&quot;:&quot;&quot;,&quot;show_content_related_meta&quot;:&quot;&quot;,&quot;meta_content_related_position&quot;:&quot;&quot;,&quot;content_related_meta&quot;:&quot;&quot;,&quot;negative_search&quot;:&quot;Sorry, but nothing matched your search terms.&quot;,&quot;server_error&quot;:&quot;Sorry, but we cannot handle your search query now. Please, try again later!&quot;,&quot;show_search_suggestions&quot;:&quot;&quot;,&quot;search_suggestions_position&quot;:&quot;&quot;,&quot;search_suggestions_source&quot;:&quot;&quot;,&quot;search_suggestions_limits&quot;:&quot;&quot;,&quot;search_suggestions_item_title_length&quot;:&quot;&quot;,&quot;search_source_terms&quot;:&quot;&quot;,&quot;search_source_terms_title&quot;:&quot;&quot;,&quot;search_source_terms_icon&quot;:&quot;&quot;,&quot;search_source_terms_limit&quot;:&quot;&quot;,&quot;search_source_terms_listing_id&quot;:&quot;&quot;,&quot;search_source_terms_taxonomy&quot;:&quot;&quot;,&quot;search_source_users&quot;:&quot;&quot;,&quot;search_source_users_title&quot;:&quot;&quot;,&quot;search_source_users_icon&quot;:&quot;&quot;,&quot;search_source_users_limit&quot;:&quot;&quot;,&quot;search_source_users_listing_id&quot;:&quot;&quot;}\">\n<form class=\"jet-ajax-search__form\" method=\"get\" action=\"https:\/\/medicalboulevardtourism.com\/en_en\/\" role=\"search\" target=\"\" data-trp-original-action=\"https:\/\/medicalboulevardtourism.com\/en_en\/\">\n\t<div class=\"jet-ajax-search__fields-holder\">\n\t\t<div class=\"jet-ajax-search__field-wrapper\">\n\t\t\t<label for=\"search-input-608ce7e\" class=\"screen-reader-text\">Search ...<\/label>\n\t\t\t\t\t\t<input id=\"search-input-608ce7e\" class=\"jet-ajax-search__field\" type=\"search\" placeholder=\"Search\" value=\"\" name=\"s\" autocomplete=\"off\" \/>\n\t\t\t\t\t\t\t<input type=\"hidden\" value=\"{&quot;search_source&quot;:[&quot;post&quot;,&quot;services&quot;]}\" name=\"jet_ajax_search_settings\" \/>\n\t\t\t\t\t\t\n\t\t\t\t\t<\/div>\n\t\t\t<\/div>\n\t\n<button class=\"jet-ajax-search__submit\" type=\"submit\" aria-label=\"Search submit\"><span class=\"jet-ajax-search__submit-icon jet-ajax-search-icon\"><svg aria-hidden=\"true\" class=\"e-font-icon-svg e-fas-search\" viewbox=\"0 0 512 512\" xmlns=\"http:\/\/www.w3.org\/2000\/svg\"><path d=\"M505 442.7L405.3 343c-4.5-4.5-10.6-7-17-7H372c27.6-35.3 44-79.7 44-128C416 93.1 322.9 0 208 0S0 93.1 0 208s93.1 208 208 208c48.3 0 92.7-16.4 128-44v16.3c0 6.4 2.5 12.5 7 17l99.7 99.7c9.4 9.4 24.6 9.4 33.9 0l28.3-28.3c9.4-9.4 9.4-24.6.1-34zM208 336c-70.7 0-128-57.2-128-128 0-70.7 57.2-128 128-128 70.7 0 128 57.2 128 128 0 70.7-57.2 128-128 128z\"><\/path><\/svg><\/span><\/button>\n<input type=\"hidden\" name=\"trp-form-language\" value=\"en_en\"\/><\/form>\n\n<div class=\"jet-ajax-search__results-area\" >\n\t<div class=\"jet-ajax-search__results-holder\">\n\t\t\t\t\t<div class=\"jet-ajax-search__results-header\">\n\t\t\t\t\n<button class=\"jet-ajax-search__results-count\"><span><\/span> Results<\/button>\n\t\t\t\t<div class=\"jet-ajax-search__navigation-holder\"><\/div>\n\t\t\t<\/div>\n\t\t\t\t\t\t<div class=\"jet-ajax-search__results-list results-area-col-desk-1 results-area-col-tablet-0 results-area-col-mobile-0 results-area-col-mobile-portrait-1\" >\n\t\t\t            <div class=\"jet-ajax-search__results-list-inner\"><\/div>\n\t\t\t\t\t<\/div>\n\t\t\t\t\t<div class=\"jet-ajax-search__results-footer\">\n\t\t\t\t<button class=\"jet-ajax-search__full-results\">See all results<\/button>\t\t\t\t<div class=\"jet-ajax-search__navigation-holder\"><\/div>\n\t\t\t<\/div>\n\t\t\t<\/div>\n\t<div class=\"jet-ajax-search__message\"><\/div>\n\t\n<div class=\"jet-ajax-search__spinner-holder\">\n\t<div class=\"jet-ajax-search__spinner\">\n\t\t<div class=\"rect rect-1\"><\/div>\n\t\t<div class=\"rect rect-2\"><\/div>\n\t\t<div class=\"rect rect-3\"><\/div>\n\t\t<div class=\"rect rect-4\"><\/div>\n\t\t<div class=\"rect rect-5\"><\/div>\n\t<\/div>\n<\/div>\n<\/div>\n<\/div>\n<\/div>\t\t\t\t<\/div>\n\t\t\t\t<\/div>\n\t\t\t\t<\/div>\n\t\t\t\t\t<\/div>\n\t\t\t\t<\/div>\n\t\t<div class=\"elementor-element elementor-element-9a20b20 e-flex e-con-boxed e-con e-parent\" data-id=\"9a20b20\" data-element_type=\"container\">\n\t\t\t\t\t<div class=\"e-con-inner\">\n\t\t\t\t<div class=\"elementor-element elementor-element-0ef432c elementor-widget elementor-widget-heading\" data-id=\"0ef432c\" data-element_type=\"widget\" data-widget_type=\"heading.default\">\n\t\t\t\t<div class=\"elementor-widget-container\">\n\t\t\t\t\t<h2 class=\"elementor-heading-title elementor-size-default\">About us?<\/h2>\t\t\t\t<\/div>\n\t\t\t\t<\/div>\n\t\t\t\t<div class=\"elementor-element elementor-element-f26161d elementor-widget elementor-widget-text-editor\" data-id=\"f26161d\" data-element_type=\"widget\" data-widget_type=\"text-editor.default\">\n\t\t\t\t<div class=\"elementor-widget-container\">\n\t\t\t\t\t\t\t\t\t<p><strong>Medical Boulevar<\/strong> <strong>is an online facilitator of health tourism services<\/strong> for people seeking medical and wellness treatments in different countries around the world.<\/p><p><a href=\"https:\/\/medicalboulevardtourism.com\/en_en\/nuestros-servicios\/\"><u>Our services<\/u><\/a> of information, guidance and coordination of health tourism, ensure that people can access <a href=\"https:\/\/medicalboulevardtourism.com\/en_en\/procedimientos-medicos\/\"><u>medical, aesthetic, dental and wellness treatments<\/u><\/a>; economical and quality, in a timely and safe manner, at the destination of your choice.<\/p><p>We are distinguished by the possibility of offering personalized, highly specialized services, with specialists in Medicine, Stomatology and Psychology to achieve excellence and satisfaction throughout the entire process of the <a href=\"https:\/\/medicalboulevardtourism.com\/en_en\/viaje-del-cliente\/\"><u>medical journey<\/u><\/a>.<\/p><p>We are committed to helping people find their \u201cpath to life\u201d, so our attention is focused on people, to ensure a successful and memorable experience.<\/p><p><strong>Medical Boulevard Values<\/strong><\/p><ol><li>Professionalism.<\/li><li>Excellence.<\/li><li>Integrity.<\/li><li>Responsibility.<\/li><li>Empathy.<\/li><\/ol>\t\t\t\t\t\t\t\t<\/div>\n\t\t\t\t<\/div>\n\t\t\t\t\t<\/div>\n\t\t\t\t<\/div>\n\t\t<div class=\"elementor-element elementor-element-402732c e-flex e-con-boxed e-con e-parent\" data-id=\"402732c\" data-element_type=\"container\">\n\t\t\t\t\t<div class=\"e-con-inner\">\n\t\t<div class=\"elementor-element elementor-element-b9ed80b e-con-full e-flex e-con e-child\" data-id=\"b9ed80b\" data-element_type=\"container\">\n\t\t<div class=\"elementor-element elementor-element-7114a51 e-con-full e-flex e-con e-child\" data-id=\"7114a51\" data-element_type=\"container\">\n\t\t<div class=\"elementor-element elementor-element-a0fb38d e-con-full e-flex e-con e-child\" data-id=\"a0fb38d\" data-element_type=\"container\" data-settings=\"{&quot;background_background&quot;:&quot;classic&quot;}\">\n\t\t\t\t<div class=\"elementor-element elementor-element-400f072 elementor-widget__width-initial elementor-widget elementor-widget-heading\" data-id=\"400f072\" data-element_type=\"widget\" data-widget_type=\"heading.default\">\n\t\t\t\t<div class=\"elementor-widget-container\">\n\t\t\t\t\t<h2 class=\"elementor-heading-title elementor-size-default\">Medical Boulevard se complace en acompa\u00f1arles en su viaje de turismo de salud, camino a la vida.<\/h2>\t\t\t\t<\/div>\n\t\t\t\t<\/div>\n\t\t\t\t<div class=\"elementor-element elementor-element-f7cfc22 elementor-widget elementor-widget-button\" data-id=\"f7cfc22\" data-element_type=\"widget\" data-widget_type=\"button.default\">\n\t\t\t\t<div class=\"elementor-widget-container\">\n\t\t\t\t\t\t\t\t\t<div class=\"elementor-button-wrapper\">\n\t\t\t\t\t<a class=\"elementor-button elementor-button-link elementor-size-sm\" href=\"https:\/\/medicalboulevardtourism.com\/en_en\/contactos\/\">\n\t\t\t\t\t\t<span class=\"elementor-button-content-wrapper\">\n\t\t\t\t\t\t\t\t\t<span class=\"elementor-button-text\">Contact us<\/span>\n\t\t\t\t\t<\/span>\n\t\t\t\t\t<\/a>\n\t\t\t\t<\/div>\n\t\t\t\t\t\t\t\t<\/div>\n\t\t\t\t<\/div>\n\t\t\t\t<\/div>\n\t\t\t\t<\/div>\n\t\t\t\t<\/div>\n\t\t\t\t\t<\/div>\n\t\t\t\t<\/div>\n\t\t\t\t<\/div>","protected":false},"excerpt":{"rendered":"<p>Coordinamos servicios de salud de calidad para usted y su familia, m\u00e1s all\u00e1 de sus fronteras SOMOS SU FACILITADOR DE TURISMO M\u00c9DICO Search &#8230; Results See all results \u00bfQui\u00e9nes somos? Medical Boulevar es un facilitador online de servicios de turismo de salud para personas que buscan tratamientos m\u00e9dicos y de bienestar en diferentes pa\u00edses del [&hellip;]<\/p>","protected":false},"author":1,"featured_media":8101,"parent":0,"menu_order":0,"comment_status":"closed","ping_status":"closed","template":"","meta":{"_acf_changed":false,"inline_featured_image":false,"_jet_sm_ready_style":"","_jet_sm_style":"","_jet_sm_controls_values":"","_jet_sm_fonts_collection":"","_jet_sm_fonts_links":"","footnotes":""},"class_list":["post-4459","page","type-page","status-publish","has-post-thumbnail","hentry"],"acf":[],"_links":{"self":[{"href":"https:\/\/medicalboulevardtourism.com\/en_en\/wp-json\/wp\/v2\/pages\/4459","targetHints":{"allow":["GET"]}}],"collection":[{"href":"https:\/\/medicalboulevardtourism.com\/en_en\/wp-json\/wp\/v2\/pages"}],"about":[{"href":"https:\/\/medicalboulevardtourism.com\/en_en\/wp-json\/wp\/v2\/types\/page"}],"author":[{"embeddable":true,"href":"https:\/\/medicalboulevardtourism.com\/en_en\/wp-json\/wp\/v2\/users\/1"}],"replies":[{"embeddable":true,"href":"https:\/\/medicalboulevardtourism.com\/en_en\/wp-json\/wp\/v2\/comments?post=4459"}],"version-history":[{"count":46,"href":"https:\/\/medicalboulevardtourism.com\/en_en\/wp-json\/wp\/v2\/pages\/4459\/revisions"}],"predecessor-version":[{"id":8154,"href":"https:\/\/medicalboulevardtourism.com\/en_en\/wp-json\/wp\/v2\/pages\/4459\/revisions\/8154"}],"wp:featuredmedia":[{"embeddable":true,"href":"https:\/\/medicalboulevardtourism.com\/en_en\/wp-json\/wp\/v2\/media\/8101"}],"wp:attachment":[{"href":"https:\/\/medicalboulevardtourism.com\/en_en\/wp-json\/wp\/v2\/media?parent=4459"}],"curies":[{"name":"wp","href":"https:\/\/api.w.org\/{rel}","templated":true}]}}